{"id":84,"date":"2022-05-04T15:18:42","date_gmt":"2022-05-04T15:18:42","guid":{"rendered":"http:\/\/localhost:8888\/kromtekstore\/?post_type=product&#038;p=84"},"modified":"2026-04-05T01:02:03","modified_gmt":"2026-04-05T01:02:03","slug":"casco-abierto-blanco-negro-con-rojo","status":"publish","type":"product","link":"https:\/\/www.kromtekstore.com\/?product=casco-abierto-blanco-negro-con-rojo","title":{"rendered":"Air Tek &#8220;Fragment&#8221;"},"content":{"rendered":"<p><strong>Coraza:<\/strong><\/p>\n<p>-Termopl\u00e1stico de alta calidad.<\/p>\n<p>&#8211; Resistente al impacto<\/p>\n<p>&#8211; Resistente a perforaci\u00f3n<\/p>\n<p><strong>Forro:<\/strong><\/p>\n<p>C\u00f3modo y con respiraci\u00f3n, removible y lavable<\/p>\n<p><strong>Sistema de retenci\u00f3n:<\/strong><\/p>\n<p>Coj\u00edn de barbilla con broche de cierre en doble D.<\/p>\n<p><strong>Visor \u00f3pticamente superior:<\/strong><\/p>\n<p>Proporciona 95% de protecci\u00f3n UV.<\/p>\n<p><strong>Ventilaci\u00f3n:<\/strong><\/p>\n<p>M\u00e1ximo flujo de aire mediante ventilaci\u00f3n de m\u00faltiples canales.<\/p>\n<p><strong>Certificaci\u00f3n:<\/strong><\/p>\n<p>DOT FMVSS No. 218.<\/p>\n<p><strong>EPS:<\/strong><\/p>\n<p>Alta protecci\u00f3n interior con doble capa de poliestireno expandido, que permite el aislamiento\u00a0 t\u00e9rmico y amortiguaci\u00f3n contra impactos.<\/p>\n<p>(dos coraza y dos EPS)<\/p>\n<p><strong>Talla:<\/strong><\/p>\n<p>M, L, XXL<\/p>\n","protected":false},"excerpt":{"rendered":"<p>Este casco abierto puede guardarse en el compartimento de debajo del asiento de muchos scooters. Cuenta adem\u00e1s con una mica de pl\u00e1stico resistente a las ralladuras en color negro que funciona como lentes obscuros y protecci\u00f3n contra el aire u objetos. El dise\u00f1o en rosa y negro le da una apariencia original y fuera de lo convencional. El interior del casco es f\u00e1cil de remover para lavar en casa.<\/p>\n","protected":false},"featured_media":1128,"comment_status":"open","ping_status":"closed","template":"","meta":[],"product_cat":[18,15],"product_tag":[],"_links":{"self":[{"href":"https:\/\/www.kromtekstore.com\/index.php?rest_route=\/wp\/v2\/product\/84"}],"collection":[{"href":"https:\/\/www.kromtekstore.com\/index.php?rest_route=\/wp\/v2\/product"}],"about":[{"href":"https:\/\/www.kromtekstore.com\/index.php?rest_route=\/wp\/v2\/types\/product"}],"replies":[{"embeddable":true,"href":"https:\/\/www.kromtekstore.com\/index.php?rest_route=%2Fwp%2Fv2%2Fcomments&post=84"}],"wp:featuredmedia":[{"embeddable":true,"href":"https:\/\/www.kromtekstore.com\/index.php?rest_route=\/wp\/v2\/media\/1128"}],"wp:attachment":[{"href":"https:\/\/www.kromtekstore.com\/index.php?rest_route=%2Fwp%2Fv2%2Fmedia&parent=84"}],"wp:term":[{"taxonomy":"product_cat","embeddable":true,"href":"https:\/\/www.kromtekstore.com\/index.php?rest_route=%2Fwp%2Fv2%2Fproduct_cat&post=84"},{"taxonomy":"product_tag","embeddable":true,"href":"https:\/\/www.kromtekstore.com\/index.php?rest_route=%2Fwp%2Fv2%2Fproduct_tag&post=84"}],"curies":[{"name":"wp","href":"https:\/\/api.w.org\/{rel}","templated":true}]}}