{"id":811,"date":"2022-11-17T15:49:57","date_gmt":"2022-11-17T15:49:57","guid":{"rendered":"http:\/\/172.31.26.231\/?post_type=product&#038;p=811"},"modified":"2024-11-21T00:00:55","modified_gmt":"2024-11-21T00:00:55","slug":"chamarra-de-piel-para-dama-blanco-con-negro","status":"publish","type":"product","link":"https:\/\/www.kromtekstore.com\/?product=chamarra-de-piel-para-dama-blanco-con-negro","title":{"rendered":"Chamarra de piel para dama, blanco con negro"},"content":{"rendered":"<section class=\"full-description\">\n<div class=\"full-description\">\n<p>&nbsp;<\/p>\n<p>Capa exterior:\u00a0 100% Piel natural<\/p>\n<p>Capa Interior: Forro de malla con tela expandible<\/p>\n<p>Chaleco calentador removible<\/p>\n<p>Tallas: XS &#8211; S &#8211; M &#8211; L<\/p>\n<\/div>\n<\/section>\n<section class=\"product-collateral\">\n<div class=\"product-specs-box\">\n<div class=\"title\"><strong>Especificaciones<\/strong><\/div>\n<div class=\"table-wrapper\">\n<table class=\"data-table\">\n<colgroup>\n<col width=\"25%\" \/>\n<col \/><\/colgroup>\n<tbody>\n<tr class=\"odd\">\n<td class=\"spec-name\">Material<\/td>\n<td class=\"spec-value\">Piel<\/td>\n<\/tr>\n<tr class=\"even\">\n<td class=\"spec-name\">Dama\/Caballero<\/td>\n<td class=\"spec-value\">Dama<\/td>\n<\/tr>\n<tr class=\"odd\">\n<td class=\"spec-name\">Tipo<\/td>\n<td class=\"spec-value\">Deportiva<\/td>\n<\/tr>\n<\/tbody>\n<\/table>\n<\/div>\n<\/div>\n<\/section>\n","protected":false},"excerpt":{"rendered":"<section class=\"full-description\">\n<div class=\"full-description\">\n<p>Esta chamarra deportiva de piel para dama con protecciones contra impacto con certificaci\u00f3n CE en codos, hombros, espalda y joroba es perfecta para rodar en una moto deportiva garantizando tu seguridad. El corte es neutro, pensado para una posici\u00f3n inclinada-recta y con detalles como los bolsillos en los laterales la convierten en una chamarra pr\u00e1ctica tanto arriba como abajo de la moto. La textura de malla interior asegura mantenerte fresca en cualquier situaci\u00f3n mientras que los m\u00faltiples ajustes garantizar\u00e1n acomodarse al cuerpo.<\/p>\n<\/div>\n<\/section>\n<section class=\"product-collateral\">\n<div class=\"product-specs-box\">\n<div class=\"table-wrapper\"><\/div>\n<\/div>\n<\/section>\n","protected":false},"featured_media":816,"comment_status":"open","ping_status":"closed","template":"","meta":[],"product_cat":[26],"product_tag":[],"_links":{"self":[{"href":"https:\/\/www.kromtekstore.com\/index.php?rest_route=\/wp\/v2\/product\/811"}],"collection":[{"href":"https:\/\/www.kromtekstore.com\/index.php?rest_route=\/wp\/v2\/product"}],"about":[{"href":"https:\/\/www.kromtekstore.com\/index.php?rest_route=\/wp\/v2\/types\/product"}],"replies":[{"embeddable":true,"href":"https:\/\/www.kromtekstore.com\/index.php?rest_route=%2Fwp%2Fv2%2Fcomments&post=811"}],"wp:featuredmedia":[{"embeddable":true,"href":"https:\/\/www.kromtekstore.com\/index.php?rest_route=\/wp\/v2\/media\/816"}],"wp:attachment":[{"href":"https:\/\/www.kromtekstore.com\/index.php?rest_route=%2Fwp%2Fv2%2Fmedia&parent=811"}],"wp:term":[{"taxonomy":"product_cat","embeddable":true,"href":"https:\/\/www.kromtekstore.com\/index.php?rest_route=%2Fwp%2Fv2%2Fproduct_cat&post=811"},{"taxonomy":"product_tag","embeddable":true,"href":"https:\/\/www.kromtekstore.com\/index.php?rest_route=%2Fwp%2Fv2%2Fproduct_tag&post=811"}],"curies":[{"name":"wp","href":"https:\/\/api.w.org\/{rel}","templated":true}]}}