{"id":667,"date":"2022-05-08T16:53:27","date_gmt":"2022-05-08T16:53:27","guid":{"rendered":"http:\/\/localhost:8888\/kromtekstore\/?post_type=product&#038;p=667"},"modified":"2026-03-17T12:56:47","modified_gmt":"2026-03-17T12:56:47","slug":"bloqueo-de-disco-para-motocicleta-amarillo","status":"publish","type":"product","link":"https:\/\/www.kromtekstore.com\/?product=bloqueo-de-disco-para-motocicleta-amarillo","title":{"rendered":"Bloqueo de disco para motocicleta, amarillo"},"content":{"rendered":"<p>Candado de acero para disco de freno de motocicleta, con llave.<\/p>\n<p>Compacto, ligero, de f\u00e1cil colocaci\u00f3n y f\u00e1cil de transportar<\/p>\n","protected":false},"excerpt":{"rendered":"<p>Bloqueo de disco para motocicleta, amarillo<\/p>\n","protected":false},"featured_media":669,"comment_status":"open","ping_status":"closed","template":"","meta":[],"product_cat":[25],"product_tag":[],"_links":{"self":[{"href":"https:\/\/www.kromtekstore.com\/index.php?rest_route=\/wp\/v2\/product\/667"}],"collection":[{"href":"https:\/\/www.kromtekstore.com\/index.php?rest_route=\/wp\/v2\/product"}],"about":[{"href":"https:\/\/www.kromtekstore.com\/index.php?rest_route=\/wp\/v2\/types\/product"}],"replies":[{"embeddable":true,"href":"https:\/\/www.kromtekstore.com\/index.php?rest_route=%2Fwp%2Fv2%2Fcomments&post=667"}],"wp:featuredmedia":[{"embeddable":true,"href":"https:\/\/www.kromtekstore.com\/index.php?rest_route=\/wp\/v2\/media\/669"}],"wp:attachment":[{"href":"https:\/\/www.kromtekstore.com\/index.php?rest_route=%2Fwp%2Fv2%2Fmedia&parent=667"}],"wp:term":[{"taxonomy":"product_cat","embeddable":true,"href":"https:\/\/www.kromtekstore.com\/index.php?rest_route=%2Fwp%2Fv2%2Fproduct_cat&post=667"},{"taxonomy":"product_tag","embeddable":true,"href":"https:\/\/www.kromtekstore.com\/index.php?rest_route=%2Fwp%2Fv2%2Fproduct_tag&post=667"}],"curies":[{"name":"wp","href":"https:\/\/api.w.org\/{rel}","templated":true}]}}