{"id":651,"date":"2022-05-07T18:12:56","date_gmt":"2022-05-07T18:12:56","guid":{"rendered":"http:\/\/localhost:8888\/kromtekstore\/?post_type=product&#038;p=651"},"modified":"2026-04-04T22:57:29","modified_gmt":"2026-04-04T22:57:29","slug":"bota-touring-para-caballero-negra-3","status":"publish","type":"product","link":"https:\/\/www.kromtekstore.com\/?product=bota-touring-para-caballero-negra-3","title":{"rendered":"Bota Touring con Velcro para caballero, negra"},"content":{"rendered":"<p><strong>Impermeable<\/strong><\/p>\n<p><strong>PARTE SUPERIOR:<\/strong><\/p>\n<p>Cuero de acci\u00f3n m\u00e1s durable y resistente al desgaste, malla de respiraci\u00f3n.<\/p>\n<p><strong>FORRO:<\/strong><\/p>\n<p>Forro c\u00f3modo y con respiraci\u00f3n.<\/p>\n<p><strong>REFUERZOS:<\/strong><\/p>\n<p>Protecci\u00f3n de tobillo integrada, refuerzos en las \u00e1reas de los dedos y tal\u00f3n.<\/p>\n<p><strong>CIERRE:<\/strong><\/p>\n<p>Cierre de Velcro<\/p>\n<p><strong>COSTURA:<\/strong><\/p>\n<p>Doble costura en \u00e1reas con alta tensi\u00f3n.<\/p>\n<p><strong>SUELA:<\/strong><\/p>\n<p>La suela de hule natural de compuesto \u00fanico ofrece un excelente agarre y permite una flexibilidad natural.<\/p>\n<p><strong>PLANTILLA:<\/strong><\/p>\n<p>Anat\u00f3mica y reemplazable.<\/p>\n<p><strong>COLOR:<\/strong><\/p>\n<p>Negro<\/p>\n<p>Tallas: 26, 27, 28, 29<\/p>\n","protected":false},"excerpt":{"rendered":"<p>Estas botas cortas touring engloban la practicidad, confort y tecnolog\u00eda para entregarnos un paquete muy completo ideal para recorrer largas distancias en carretera. Adem\u00e1s, las protecciones en la espinilla, tobillo, dedos y tal\u00f3n se encargan de elevar la seguridad de la misma a los m\u00e1s altos est\u00e1ndares sin sacrificar la comodidad.<\/p>\n","protected":false},"featured_media":658,"comment_status":"open","ping_status":"closed","template":"","meta":[],"product_cat":[23],"product_tag":[],"_links":{"self":[{"href":"https:\/\/www.kromtekstore.com\/index.php?rest_route=\/wp\/v2\/product\/651"}],"collection":[{"href":"https:\/\/www.kromtekstore.com\/index.php?rest_route=\/wp\/v2\/product"}],"about":[{"href":"https:\/\/www.kromtekstore.com\/index.php?rest_route=\/wp\/v2\/types\/product"}],"replies":[{"embeddable":true,"href":"https:\/\/www.kromtekstore.com\/index.php?rest_route=%2Fwp%2Fv2%2Fcomments&post=651"}],"wp:featuredmedia":[{"embeddable":true,"href":"https:\/\/www.kromtekstore.com\/index.php?rest_route=\/wp\/v2\/media\/658"}],"wp:attachment":[{"href":"https:\/\/www.kromtekstore.com\/index.php?rest_route=%2Fwp%2Fv2%2Fmedia&parent=651"}],"wp:term":[{"taxonomy":"product_cat","embeddable":true,"href":"https:\/\/www.kromtekstore.com\/index.php?rest_route=%2Fwp%2Fv2%2Fproduct_cat&post=651"},{"taxonomy":"product_tag","embeddable":true,"href":"https:\/\/www.kromtekstore.com\/index.php?rest_route=%2Fwp%2Fv2%2Fproduct_tag&post=651"}],"curies":[{"name":"wp","href":"https:\/\/api.w.org\/{rel}","templated":true}]}}