{"id":643,"date":"2022-05-07T18:07:52","date_gmt":"2022-05-07T18:07:52","guid":{"rendered":"http:\/\/localhost:8888\/kromtekstore\/?post_type=product&#038;p=643"},"modified":"2024-11-21T00:00:56","modified_gmt":"2024-11-21T00:00:56","slug":"bota-urbana-para-dama-cafe","status":"publish","type":"product","link":"https:\/\/www.kromtekstore.com\/?product=bota-urbana-para-dama-cafe","title":{"rendered":"Bota Urbana para dama, caf\u00e9"},"content":{"rendered":"<p><strong>PARTE SUPERIOR:<\/strong><\/p>\n<p>Cuero plena flor durable y de alta resistente al desgaste. El cierre de zipper facilita colocar y quitar la bota.<\/p>\n<p><strong>FORRO:<\/strong><\/p>\n<p>C\u00f3modo, con respiraci\u00f3n y acolchonado suave en el \u00e1rea del tobillo.<\/p>\n<p><strong>REFUERZOS:<\/strong><\/p>\n<p>Protecci\u00f3n de tobillo integrada, base con capa extra.<br \/>\n<strong>CIERRE:<\/strong><\/p>\n<p>Cuerdas para un mejor ajuste, zipper YKK, cubierta de Velcro sobre el zipper para evitar rayones a la moto.<\/p>\n<p><strong>COSTURA:<\/strong><\/p>\n<p>Doble costura en \u00e1reas con alta tensi\u00f3n.<\/p>\n<p><strong>SUELA:<\/strong><\/p>\n<p>La suela anti-derrape de hule natural ofrece un excelente agarre y permite una flexibilidad natural.<\/p>\n<p><strong>PLANTILLA:<\/strong><\/p>\n<p>Sustituible.<\/p>\n<p><strong>COLOR<\/strong>\u00a0Caf\u00e9,<\/p>\n<p>Tallas: 23, 24, 25<\/p>\n","protected":false},"excerpt":{"rendered":"<p>Bota larga para dama con agujetas y apertura de cierre para mayor practicidad. Cuenta con forro de piel en color caf\u00e9, suela antiderrapante y protecciones en tobillo.<\/p>\n","protected":false},"featured_media":648,"comment_status":"open","ping_status":"closed","template":"","meta":[],"product_cat":[23],"product_tag":[],"_links":{"self":[{"href":"https:\/\/www.kromtekstore.com\/index.php?rest_route=\/wp\/v2\/product\/643"}],"collection":[{"href":"https:\/\/www.kromtekstore.com\/index.php?rest_route=\/wp\/v2\/product"}],"about":[{"href":"https:\/\/www.kromtekstore.com\/index.php?rest_route=\/wp\/v2\/types\/product"}],"replies":[{"embeddable":true,"href":"https:\/\/www.kromtekstore.com\/index.php?rest_route=%2Fwp%2Fv2%2Fcomments&post=643"}],"wp:featuredmedia":[{"embeddable":true,"href":"https:\/\/www.kromtekstore.com\/index.php?rest_route=\/wp\/v2\/media\/648"}],"wp:attachment":[{"href":"https:\/\/www.kromtekstore.com\/index.php?rest_route=%2Fwp%2Fv2%2Fmedia&parent=643"}],"wp:term":[{"taxonomy":"product_cat","embeddable":true,"href":"https:\/\/www.kromtekstore.com\/index.php?rest_route=%2Fwp%2Fv2%2Fproduct_cat&post=643"},{"taxonomy":"product_tag","embeddable":true,"href":"https:\/\/www.kromtekstore.com\/index.php?rest_route=%2Fwp%2Fv2%2Fproduct_tag&post=643"}],"curies":[{"name":"wp","href":"https:\/\/api.w.org\/{rel}","templated":true}]}}