{"id":616,"date":"2022-05-07T17:48:12","date_gmt":"2022-05-07T17:48:12","guid":{"rendered":"http:\/\/localhost:8888\/kromtekstore\/?post_type=product&#038;p=616"},"modified":"2024-11-21T00:00:56","modified_gmt":"2024-11-21T00:00:56","slug":"bota-urbana-para-caballero-cafe-2","status":"publish","type":"product","link":"https:\/\/www.kromtekstore.com\/?product=bota-urbana-para-caballero-cafe-2","title":{"rendered":"Bota Urbana retro Caf\u00e9 Racer para caballero"},"content":{"rendered":"<p><strong>PARTE SUPERIOR:<\/strong><\/p>\n<p>Dise\u00f1o cl\u00e1sico. Cuero plena flor de alta calidad.<\/p>\n<p><strong>FORRO:<\/strong><\/p>\n<p>C\u00f3modo, con respiraci\u00f3n y acolchonado suave en el \u00e1rea del tobillo.<\/p>\n<p><strong>REFUERZOS:<\/strong><\/p>\n<p>Protecci\u00f3n de tobillo integrada, base con capa extra.<\/p>\n<p><strong>CIERRE:<\/strong><\/p>\n<p>Cuerdas para un mejor ajuste, zipper YKK, cubierta de Velcro sobre el zipper para evitar rayones a la moto.<\/p>\n<p><strong>COSTURA:<\/strong><\/p>\n<p>Doble costura en \u00e1reas con alta tensi\u00f3n.<\/p>\n<p><strong>SUELA:<\/strong><\/p>\n<p>La suela anti-derrape de hule natural ofrece un excelente agarre y permite una flexibilidad natural.<\/p>\n<p><strong>PLANTILLA:<\/strong><\/p>\n<p>Plantilla acojinada D30.<\/p>\n<p><strong>COLOR:<\/strong>\u00a0Caf\u00e9,<\/p>\n<p>Tallas: 26, 27, 28, 29<\/p>\n","protected":false},"excerpt":{"rendered":"<p>Bota de aspecto retro con suela en color beige y cuero exterior te\u00f1ido en caf\u00e9. Cuenta con protecciones laterales de tobillo y suela reforzada con superficie antiderrapante que permite una flexibilidad natural sobre y debajo de la motocicleta. Ideal para quienes buscan un aspecto retro caf\u00e9 racer o similar<\/p>\n","protected":false},"featured_media":624,"comment_status":"open","ping_status":"closed","template":"","meta":[],"product_cat":[23],"product_tag":[],"_links":{"self":[{"href":"https:\/\/www.kromtekstore.com\/index.php?rest_route=\/wp\/v2\/product\/616"}],"collection":[{"href":"https:\/\/www.kromtekstore.com\/index.php?rest_route=\/wp\/v2\/product"}],"about":[{"href":"https:\/\/www.kromtekstore.com\/index.php?rest_route=\/wp\/v2\/types\/product"}],"replies":[{"embeddable":true,"href":"https:\/\/www.kromtekstore.com\/index.php?rest_route=%2Fwp%2Fv2%2Fcomments&post=616"}],"wp:featuredmedia":[{"embeddable":true,"href":"https:\/\/www.kromtekstore.com\/index.php?rest_route=\/wp\/v2\/media\/624"}],"wp:attachment":[{"href":"https:\/\/www.kromtekstore.com\/index.php?rest_route=%2Fwp%2Fv2%2Fmedia&parent=616"}],"wp:term":[{"taxonomy":"product_cat","embeddable":true,"href":"https:\/\/www.kromtekstore.com\/index.php?rest_route=%2Fwp%2Fv2%2Fproduct_cat&post=616"},{"taxonomy":"product_tag","embeddable":true,"href":"https:\/\/www.kromtekstore.com\/index.php?rest_route=%2Fwp%2Fv2%2Fproduct_tag&post=616"}],"curies":[{"name":"wp","href":"https:\/\/api.w.org\/{rel}","templated":true}]}}