{"id":605,"date":"2022-05-07T02:46:41","date_gmt":"2022-05-07T02:46:41","guid":{"rendered":"http:\/\/localhost:8888\/kromtekstore\/?post_type=product&#038;p=605"},"modified":"2024-11-21T00:00:56","modified_gmt":"2024-11-21T00:00:56","slug":"bota-urbana-para-caballero-cafe","status":"publish","type":"product","link":"https:\/\/www.kromtekstore.com\/?product=bota-urbana-para-caballero-cafe","title":{"rendered":"Bota Urbana para caballero, caf\u00e9"},"content":{"rendered":"<section class=\"full-description\">\n<div class=\"full-description\">\n<p><strong>PARTE SUPERIOR:<\/strong><\/p>\n<p>Cuero plena flor durable y de alta resistente al desgaste. El cierre de zipper facilita colocar y quitar la bota.<\/p>\n<p><strong>FORRO:<\/strong><\/p>\n<p>C\u00f3modo, con respiraci\u00f3n y acolchonado suave en el \u00e1rea del tobillo.<\/p>\n<p><strong>REFUERZOS:<\/strong><\/p>\n<p>Protecci\u00f3n de tobillo integrada, base con capa extra.<\/p>\n<p><strong>CIERRE:<\/strong><\/p>\n<p>Cuerdas para un mejor ajuste, zipper YKK, cubierta de Velcro sobre el zipper para evitar rayones a la moto.<\/p>\n<p><strong>COSTURA:<\/strong><\/p>\n<p>Doble costura en \u00e1reas con alta tensi\u00f3n.<\/p>\n<p><strong>SUELA:<\/strong><\/p>\n<p>La suela anti-derrape de hule natural ofrece un excelente agarre y permite una flexibilidad natural.<\/p>\n<p><strong>PLANTILLA:<\/strong><\/p>\n<p>Anat\u00f3mica y reemplazable.<\/p>\n<p><strong>COLOR:<\/strong>\u00a0 Caf\u00e9<\/p>\n<p>Tallas: 26, 27, 28, 29<\/p>\n<\/div>\n<\/section>\n<section class=\"product-collateral\">\n<div class=\"product-specs-box\"><\/div>\n<\/section>\n","protected":false},"excerpt":{"rendered":"<p class=\"short-description\">Bota urbana para caballero de aspecto retro y forro en piel aut\u00e9ntica te\u00f1ida en color caf\u00e9 para complementar ese look retro que buscas. Gracias al sistema de apertura mediante cierre lateral es m\u00e1s f\u00e1cil colocar o retirar. Cuenta con protecci\u00f3n de tobillo y en la suela antiderrapante para evitar movimientos no deseados.<\/p>\n<div class=\"product-reviews-overview\">\n<div class=\"product-review-box\">\n<div class=\"rating\">\n<div><\/div>\n<\/div>\n<\/div>\n<\/div>\n","protected":false},"featured_media":612,"comment_status":"open","ping_status":"closed","template":"","meta":[],"product_cat":[23],"product_tag":[],"_links":{"self":[{"href":"https:\/\/www.kromtekstore.com\/index.php?rest_route=\/wp\/v2\/product\/605"}],"collection":[{"href":"https:\/\/www.kromtekstore.com\/index.php?rest_route=\/wp\/v2\/product"}],"about":[{"href":"https:\/\/www.kromtekstore.com\/index.php?rest_route=\/wp\/v2\/types\/product"}],"replies":[{"embeddable":true,"href":"https:\/\/www.kromtekstore.com\/index.php?rest_route=%2Fwp%2Fv2%2Fcomments&post=605"}],"wp:featuredmedia":[{"embeddable":true,"href":"https:\/\/www.kromtekstore.com\/index.php?rest_route=\/wp\/v2\/media\/612"}],"wp:attachment":[{"href":"https:\/\/www.kromtekstore.com\/index.php?rest_route=%2Fwp%2Fv2%2Fmedia&parent=605"}],"wp:term":[{"taxonomy":"product_cat","embeddable":true,"href":"https:\/\/www.kromtekstore.com\/index.php?rest_route=%2Fwp%2Fv2%2Fproduct_cat&post=605"},{"taxonomy":"product_tag","embeddable":true,"href":"https:\/\/www.kromtekstore.com\/index.php?rest_route=%2Fwp%2Fv2%2Fproduct_tag&post=605"}],"curies":[{"name":"wp","href":"https:\/\/api.w.org\/{rel}","templated":true}]}}