{"id":597,"date":"2022-05-07T02:40:26","date_gmt":"2022-05-07T02:40:26","guid":{"rendered":"http:\/\/localhost:8888\/kromtekstore\/?post_type=product&#038;p=597"},"modified":"2024-11-21T00:00:56","modified_gmt":"2024-11-21T00:00:56","slug":"bota-urbana-para-dama-negra","status":"publish","type":"product","link":"https:\/\/www.kromtekstore.com\/?product=bota-urbana-para-dama-negra","title":{"rendered":"Bota Urbana para dama, negra"},"content":{"rendered":"<p><strong>PARTE SUPERIOR:<\/strong><\/p>\n<p>Cuero plena flor durable y de alta resistencia al desgaste. El cierre de zipper facilita colocar y quitar la bota.<\/p>\n<p><strong>FORRO:<\/strong><\/p>\n<p>C\u00f3modo, con respiraci\u00f3n y acolchonado suave en el \u00e1rea del tobillo.<\/p>\n<p><strong>REFUERZOS:<\/strong><\/p>\n<p>Protecci\u00f3n de tobillo integrada, refuerzos en el \u00e1rea del tal\u00f3n, base de con capa extra.<\/p>\n<p><strong>CIERRE:<\/strong><\/p>\n<p>Zipper YKK, cubierta de Velcro sobre el zipper para evitar rayones a la moto.<\/p>\n<p><strong>COSTURA:<\/strong><\/p>\n<p>Doble costura en \u00e1reas con alta tensi\u00f3n.<\/p>\n<p><strong>SUELA:<\/strong><\/p>\n<p>La suela anti-derrape de hule natural ofrece un excelente agarre y permite una flexibilidad natural.<\/p>\n<p><strong>PLANTILLA:<\/strong><\/p>\n<p>Sustituible.<\/p>\n<p><strong>COLOR:<\/strong><\/p>\n<p>Negro<\/p>\n<p>Tallas: 23, 24, 25<\/p>\n","protected":false},"excerpt":{"rendered":"<p class=\"short-description\">Estas botas para dama de corte urbano y elegante complementan la seguridad a bordo de la motocicleta sin perder el estilo. Cuentan con un peque\u00f1o tac\u00f3n y corte estilo bota corta pero con protecciones en tobillos y tal\u00f3n que se complementan con el exterior forrado en cuero. Adem\u00e1s cuenta con protecciones en la zona de la palanca de cambios y el zipper para evitar rayar alguna parte de la bota o la moto respectivamente<\/p>\n<div class=\"product-reviews-overview\">\n<div class=\"product-review-box\">\n<div class=\"rating\">\n<div><\/div>\n<\/div>\n<\/div>\n<\/div>\n","protected":false},"featured_media":600,"comment_status":"open","ping_status":"closed","template":"","meta":[],"product_cat":[23],"product_tag":[],"_links":{"self":[{"href":"https:\/\/www.kromtekstore.com\/index.php?rest_route=\/wp\/v2\/product\/597"}],"collection":[{"href":"https:\/\/www.kromtekstore.com\/index.php?rest_route=\/wp\/v2\/product"}],"about":[{"href":"https:\/\/www.kromtekstore.com\/index.php?rest_route=\/wp\/v2\/types\/product"}],"replies":[{"embeddable":true,"href":"https:\/\/www.kromtekstore.com\/index.php?rest_route=%2Fwp%2Fv2%2Fcomments&post=597"}],"wp:featuredmedia":[{"embeddable":true,"href":"https:\/\/www.kromtekstore.com\/index.php?rest_route=\/wp\/v2\/media\/600"}],"wp:attachment":[{"href":"https:\/\/www.kromtekstore.com\/index.php?rest_route=%2Fwp%2Fv2%2Fmedia&parent=597"}],"wp:term":[{"taxonomy":"product_cat","embeddable":true,"href":"https:\/\/www.kromtekstore.com\/index.php?rest_route=%2Fwp%2Fv2%2Fproduct_cat&post=597"},{"taxonomy":"product_tag","embeddable":true,"href":"https:\/\/www.kromtekstore.com\/index.php?rest_route=%2Fwp%2Fv2%2Fproduct_tag&post=597"}],"curies":[{"name":"wp","href":"https:\/\/api.w.org\/{rel}","templated":true}]}}