{"id":590,"date":"2022-05-07T02:35:27","date_gmt":"2022-05-07T02:35:27","guid":{"rendered":"http:\/\/localhost:8888\/kromtekstore\/?post_type=product&#038;p=590"},"modified":"2024-11-21T00:00:56","modified_gmt":"2024-11-21T00:00:56","slug":"bota-touring-para-caballero-negra-4","status":"publish","type":"product","link":"https:\/\/www.kromtekstore.com\/?product=bota-touring-para-caballero-negra-4","title":{"rendered":"Bota Touring con Velcro y perilla de sujeci\u00f3n para caballero, negra"},"content":{"rendered":"<p><strong>Impermeable<\/strong><\/p>\n<p><strong>PARTE SUPERIOR:<\/strong><\/p>\n<p>Cuero de microfibra Las zonas frontal y trasera m\u00e1s acojinadas ofrecen mayor comodidad y flexibilidad. Malla de nylon para respiraci\u00f3n.<\/p>\n<p><strong>FORRO:<\/strong><\/p>\n<p>Forro c\u00f3modo.<\/p>\n<p><strong>REFUERZOS:<\/strong><\/p>\n<p>Protecci\u00f3n de tobillo integrada, refuerzos en las \u00e1reas de los dedos y tal\u00f3n.<\/p>\n<p><strong>CIERRE:<\/strong><\/p>\n<p>Sistema de ajuste con cintas y Velcro.<\/p>\n<p><strong>COSTURA:<\/strong><\/p>\n<p>Doble costura en \u00e1reas con alta tensi\u00f3n.<\/p>\n<p><strong>SUELA:<\/strong><\/p>\n<p>La suela de hule natural de compuesto \u00fanico ofrece un excelente agarre y permite una flexibilidad natural.<\/p>\n<p><strong>PLANTILLA:<\/strong><\/p>\n<p>Anat\u00f3mica y reemplazable.<\/p>\n<p><strong>SISTEMA DE AJUSTE CON CINTAS<\/strong><\/p>\n<p><strong>Tallas: 27, 28<\/strong><\/p>\n","protected":false},"excerpt":{"rendered":"<p>Este zapato para motociclista cuenta con materiales contra lluvia en el exterior, adem\u00e1s de combinarse con otros que permiten la ventilaci\u00f3n en climas c\u00e1lidos y las protecciones en tobillo, dedos y tal\u00f3n para garantizar la seguridad del conductor en caso de accidente. El pr\u00e1ctico sistema de cierre de cintas con perilla y velcro, permite que sea muy f\u00e1cil quitar o pon\u00e9rselas, adem\u00e1s de obtener una perfecta sujeci\u00f3n del pie durante el uso. La suela de hule ofrece un excelente agarre sin importar la superficie pero cuenta con la suficiente flexibilidad para un movimiento libre.<\/p>\n","protected":false},"featured_media":592,"comment_status":"open","ping_status":"closed","template":"","meta":[],"product_cat":[23],"product_tag":[],"_links":{"self":[{"href":"https:\/\/www.kromtekstore.com\/index.php?rest_route=\/wp\/v2\/product\/590"}],"collection":[{"href":"https:\/\/www.kromtekstore.com\/index.php?rest_route=\/wp\/v2\/product"}],"about":[{"href":"https:\/\/www.kromtekstore.com\/index.php?rest_route=\/wp\/v2\/types\/product"}],"replies":[{"embeddable":true,"href":"https:\/\/www.kromtekstore.com\/index.php?rest_route=%2Fwp%2Fv2%2Fcomments&post=590"}],"wp:featuredmedia":[{"embeddable":true,"href":"https:\/\/www.kromtekstore.com\/index.php?rest_route=\/wp\/v2\/media\/592"}],"wp:attachment":[{"href":"https:\/\/www.kromtekstore.com\/index.php?rest_route=%2Fwp%2Fv2%2Fmedia&parent=590"}],"wp:term":[{"taxonomy":"product_cat","embeddable":true,"href":"https:\/\/www.kromtekstore.com\/index.php?rest_route=%2Fwp%2Fv2%2Fproduct_cat&post=590"},{"taxonomy":"product_tag","embeddable":true,"href":"https:\/\/www.kromtekstore.com\/index.php?rest_route=%2Fwp%2Fv2%2Fproduct_tag&post=590"}],"curies":[{"name":"wp","href":"https:\/\/api.w.org\/{rel}","templated":true}]}}