{"id":573,"date":"2022-05-07T02:21:28","date_gmt":"2022-05-07T02:21:28","guid":{"rendered":"http:\/\/localhost:8888\/kromtekstore\/?post_type=product&#038;p=573"},"modified":"2025-04-12T00:26:11","modified_gmt":"2025-04-12T00:26:11","slug":"bota-touring-para-caballero-negra","status":"publish","type":"product","link":"https:\/\/www.kromtekstore.com\/?product=bota-touring-para-caballero-negra","title":{"rendered":"Bota Touring para caballero, negra"},"content":{"rendered":"<p><strong>Impermeable<\/strong><\/p>\n<p><strong>PARTE SUPERIOR:<\/strong><\/p>\n<p>Cuero de acci\u00f3n m\u00e1s durable y resistente al desgaste, malla de respiraci\u00f3n.<\/p>\n<p><strong>FORRO:<\/strong><\/p>\n<p>Forro c\u00f3modo.<\/p>\n<p><strong>REFUERZOS:<\/strong><\/p>\n<p>Protector r\u00edgido integrado en la placa de la espinilla, refuerzo en tobillo, dedos y tal\u00f3n, base de hule.<\/p>\n<p><strong>CIERRE:<\/strong><\/p>\n<p>Zipper YKK.<\/p>\n<p><strong>COSTURA:<\/strong><\/p>\n<p>Doble costura en \u00e1reas con alta tensi\u00f3n.<\/p>\n<p><strong>SUELA:<\/strong><\/p>\n<p>La suela de hule natural de compuesto \u00fanico ofrece un excelente agarre y permite una flexibilidad natural.<\/p>\n<p><strong>PLANTILLA:<\/strong><\/p>\n<p>Anat\u00f3mica y reemplazable.<\/p>\n<p><strong>COLOR:<\/strong><\/p>\n<p>Negro<\/p>\n<p><strong>IMPECABLE DISE\u00d1O SUPERIOR<\/strong><\/p>\n<p><strong>Tallas: 25.5, 26, 27, 28<\/strong><\/p>\n","protected":false},"excerpt":{"rendered":"<p>Estas botas tipo touring engloban la practicidad, confort y tecnolog\u00eda para entregarnos un paquete muy completo ideal para recorrer largas distancias en carretera. Adem\u00e1s, las protecciones en la espinilla, tobillo, dedos y tal\u00f3n se encargan de elevar la seguridad de la misma a los m\u00e1s altos est\u00e1ndares sin sacrificar la comodidad.<\/p>\n","protected":false},"featured_media":581,"comment_status":"open","ping_status":"closed","template":"","meta":[],"product_cat":[23],"product_tag":[],"_links":{"self":[{"href":"https:\/\/www.kromtekstore.com\/index.php?rest_route=\/wp\/v2\/product\/573"}],"collection":[{"href":"https:\/\/www.kromtekstore.com\/index.php?rest_route=\/wp\/v2\/product"}],"about":[{"href":"https:\/\/www.kromtekstore.com\/index.php?rest_route=\/wp\/v2\/types\/product"}],"replies":[{"embeddable":true,"href":"https:\/\/www.kromtekstore.com\/index.php?rest_route=%2Fwp%2Fv2%2Fcomments&post=573"}],"wp:featuredmedia":[{"embeddable":true,"href":"https:\/\/www.kromtekstore.com\/index.php?rest_route=\/wp\/v2\/media\/581"}],"wp:attachment":[{"href":"https:\/\/www.kromtekstore.com\/index.php?rest_route=%2Fwp%2Fv2%2Fmedia&parent=573"}],"wp:term":[{"taxonomy":"product_cat","embeddable":true,"href":"https:\/\/www.kromtekstore.com\/index.php?rest_route=%2Fwp%2Fv2%2Fproduct_cat&post=573"},{"taxonomy":"product_tag","embeddable":true,"href":"https:\/\/www.kromtekstore.com\/index.php?rest_route=%2Fwp%2Fv2%2Fproduct_tag&post=573"}],"curies":[{"name":"wp","href":"https:\/\/api.w.org\/{rel}","templated":true}]}}