{"id":539,"date":"2022-05-06T22:02:10","date_gmt":"2022-05-06T22:02:10","guid":{"rendered":"http:\/\/localhost:8888\/kromtekstore\/?post_type=product&#038;p=539"},"modified":"2024-11-21T00:00:55","modified_gmt":"2024-11-21T00:00:55","slug":"guantes-de-piel-para-dama-blancos","status":"publish","type":"product","link":"https:\/\/www.kromtekstore.com\/?product=guantes-de-piel-para-dama-blancos","title":{"rendered":"Guantes de piel para dama, blancos"},"content":{"rendered":"<p>Piel 100% natural, con te\u00f1ido de anilina para mayor resistencia y comodidad<\/p>\n<p>Lycra de alta calidad entre los dedos para mayor flexibilidad y seguridad<\/p>\n<p>Protecci\u00f3n para los dedos de poliuretano termopl\u00e1stico moldeado con ventilaci\u00f3n para mayor seguridad<\/p>\n<p>Dise\u00f1o de moda con impresi\u00f3n de alta calidad<\/p>\n<p>Palma de doble costura para mayor durabilidad<\/p>\n<p>Cierre de cinta ajustable<\/p>\n<p>Talla: S &#8211; M &#8211; L<\/p>\n","protected":false},"excerpt":{"rendered":"<p align=\"justify\">Guantes de piel para dama cortos con protecciones en fibra de carb\u00f3n en nudillos y dedos. Las perforaciones en la piel a la altura de los dedos proveen de buena respiraci\u00f3n de las manos mientras que la parte de la palma cuenta con piel y material anti-deslizante para garantizar el mayor agarre al conducir.<\/p>\n<div class=\"product-reviews-overview\">\n<div class=\"product-review-box\">\n<div class=\"rating\">\n<div><\/div>\n<\/div>\n<\/div>\n<\/div>\n","protected":false},"featured_media":543,"comment_status":"open","ping_status":"closed","template":"","meta":[],"product_cat":[22],"product_tag":[],"_links":{"self":[{"href":"https:\/\/www.kromtekstore.com\/index.php?rest_route=\/wp\/v2\/product\/539"}],"collection":[{"href":"https:\/\/www.kromtekstore.com\/index.php?rest_route=\/wp\/v2\/product"}],"about":[{"href":"https:\/\/www.kromtekstore.com\/index.php?rest_route=\/wp\/v2\/types\/product"}],"replies":[{"embeddable":true,"href":"https:\/\/www.kromtekstore.com\/index.php?rest_route=%2Fwp%2Fv2%2Fcomments&post=539"}],"wp:featuredmedia":[{"embeddable":true,"href":"https:\/\/www.kromtekstore.com\/index.php?rest_route=\/wp\/v2\/media\/543"}],"wp:attachment":[{"href":"https:\/\/www.kromtekstore.com\/index.php?rest_route=%2Fwp%2Fv2%2Fmedia&parent=539"}],"wp:term":[{"taxonomy":"product_cat","embeddable":true,"href":"https:\/\/www.kromtekstore.com\/index.php?rest_route=%2Fwp%2Fv2%2Fproduct_cat&post=539"},{"taxonomy":"product_tag","embeddable":true,"href":"https:\/\/www.kromtekstore.com\/index.php?rest_route=%2Fwp%2Fv2%2Fproduct_tag&post=539"}],"curies":[{"name":"wp","href":"https:\/\/api.w.org\/{rel}","templated":true}]}}