{"id":522,"date":"2022-05-06T20:12:29","date_gmt":"2022-05-06T20:12:29","guid":{"rendered":"http:\/\/localhost:8888\/kromtekstore\/?post_type=product&#038;p=522"},"modified":"2024-11-21T00:00:55","modified_gmt":"2024-11-21T00:00:55","slug":"guantes-de-piel-para-caballero-cafe-2","status":"publish","type":"product","link":"https:\/\/www.kromtekstore.com\/?product=guantes-de-piel-para-caballero-cafe-2","title":{"rendered":"Guantes de piel corto Racer, caf\u00e9"},"content":{"rendered":"<section class=\"full-description\">\n<div class=\"full-description\">\n<p>Piel 100% natural, perforada<\/p>\n<p>Nudillos y puntas de pl\u00e1stico laminado<\/p>\n<p>Talla: M-L-XL<\/p>\n<\/div>\n<\/section>\n<section class=\"product-collateral\">\n<div class=\"product-specs-box\"><\/div>\n<\/section>\n","protected":false},"excerpt":{"rendered":"<p>Guantes de piel para caballero en color caf\u00e9 y aspecto retro con perforaciones en la piel para mayor ventilaci\u00f3n y protecciones en nudillos y dedos. De tama\u00f1o corto y con ajuste en velcro para un acceso m\u00e1s r\u00e1pido.<\/p>\n","protected":false},"featured_media":504,"comment_status":"open","ping_status":"closed","template":"","meta":[],"product_cat":[22],"product_tag":[],"_links":{"self":[{"href":"https:\/\/www.kromtekstore.com\/index.php?rest_route=\/wp\/v2\/product\/522"}],"collection":[{"href":"https:\/\/www.kromtekstore.com\/index.php?rest_route=\/wp\/v2\/product"}],"about":[{"href":"https:\/\/www.kromtekstore.com\/index.php?rest_route=\/wp\/v2\/types\/product"}],"replies":[{"embeddable":true,"href":"https:\/\/www.kromtekstore.com\/index.php?rest_route=%2Fwp%2Fv2%2Fcomments&post=522"}],"wp:featuredmedia":[{"embeddable":true,"href":"https:\/\/www.kromtekstore.com\/index.php?rest_route=\/wp\/v2\/media\/504"}],"wp:attachment":[{"href":"https:\/\/www.kromtekstore.com\/index.php?rest_route=%2Fwp%2Fv2%2Fmedia&parent=522"}],"wp:term":[{"taxonomy":"product_cat","embeddable":true,"href":"https:\/\/www.kromtekstore.com\/index.php?rest_route=%2Fwp%2Fv2%2Fproduct_cat&post=522"},{"taxonomy":"product_tag","embeddable":true,"href":"https:\/\/www.kromtekstore.com\/index.php?rest_route=%2Fwp%2Fv2%2Fproduct_tag&post=522"}],"curies":[{"name":"wp","href":"https:\/\/api.w.org\/{rel}","templated":true}]}}