{"id":500,"date":"2022-05-06T19:57:07","date_gmt":"2022-05-06T19:57:07","guid":{"rendered":"http:\/\/localhost:8888\/kromtekstore\/?post_type=product&#038;p=500"},"modified":"2024-11-21T00:00:55","modified_gmt":"2024-11-21T00:00:55","slug":"guantes-de-piel-para-caballero-negro-estilo-retro","status":"publish","type":"product","link":"https:\/\/www.kromtekstore.com\/?product=guantes-de-piel-para-caballero-negro-estilo-retro","title":{"rendered":"Guantes Retro caballero, caf\u00e9"},"content":{"rendered":"<section class=\"full-description\">\n<div class=\"full-description\">\n<p>Guantes casuales de viaje<\/p>\n<p>Parche de palma reforzado<\/p>\n<p>Cierre de zipper en la parte exterior de la mu\u00f1eca para facilitar el ajuste y el quitado<\/p>\n<p>Parte trasera de dedos y palma reforzado y con ventilaci\u00f3n para una mejor respiraci\u00f3n<\/p>\n<p>Nudillo sellado de carbono<\/p>\n<p>Talla M-L-XL<\/p>\n<\/div>\n<\/section>\n<section class=\"product-collateral\">\n<div class=\"product-specs-box\"><\/div>\n<\/section>\n","protected":false},"excerpt":{"rendered":"<p>Guantes de piel para caballero estilo retro con protecciones en nudillos y cierre frontal. De tama\u00f1o corto y con cierre en la parte frontal para mayor practicidad. La combinaci\u00f3n de materiales ofrece la mayor protecci\u00f3n, comodidad y agarre en las palmas para un manejo seguro y confiable.<\/p>\n","protected":false},"featured_media":510,"comment_status":"open","ping_status":"closed","template":"","meta":[],"product_cat":[22],"product_tag":[],"_links":{"self":[{"href":"https:\/\/www.kromtekstore.com\/index.php?rest_route=\/wp\/v2\/product\/500"}],"collection":[{"href":"https:\/\/www.kromtekstore.com\/index.php?rest_route=\/wp\/v2\/product"}],"about":[{"href":"https:\/\/www.kromtekstore.com\/index.php?rest_route=\/wp\/v2\/types\/product"}],"replies":[{"embeddable":true,"href":"https:\/\/www.kromtekstore.com\/index.php?rest_route=%2Fwp%2Fv2%2Fcomments&post=500"}],"wp:featuredmedia":[{"embeddable":true,"href":"https:\/\/www.kromtekstore.com\/index.php?rest_route=\/wp\/v2\/media\/510"}],"wp:attachment":[{"href":"https:\/\/www.kromtekstore.com\/index.php?rest_route=%2Fwp%2Fv2%2Fmedia&parent=500"}],"wp:term":[{"taxonomy":"product_cat","embeddable":true,"href":"https:\/\/www.kromtekstore.com\/index.php?rest_route=%2Fwp%2Fv2%2Fproduct_cat&post=500"},{"taxonomy":"product_tag","embeddable":true,"href":"https:\/\/www.kromtekstore.com\/index.php?rest_route=%2Fwp%2Fv2%2Fproduct_tag&post=500"}],"curies":[{"name":"wp","href":"https:\/\/api.w.org\/{rel}","templated":true}]}}