{"id":493,"date":"2022-05-06T19:49:39","date_gmt":"2022-05-06T19:49:39","guid":{"rendered":"http:\/\/localhost:8888\/kromtekstore\/?post_type=product&#038;p=493"},"modified":"2024-11-21T00:00:55","modified_gmt":"2024-11-21T00:00:55","slug":"guantes-de-piel-para-caballero-negro-con-blanco","status":"publish","type":"product","link":"https:\/\/www.kromtekstore.com\/?product=guantes-de-piel-para-caballero-negro-con-blanco","title":{"rendered":"Guantes de piel para caballero, negro con blanco"},"content":{"rendered":"<p>Dise\u00f1o deportivo con dedos y palma pre-curvados<\/p>\n<p>Costura externa para mayor resistencia y forro absorbente de humedad para mayor comodidad<\/p>\n<p>Nudillo de carbono moldeado anat\u00f3micamente<\/p>\n<p>Parche de palma reforzado<\/p>\n<p>Parche exterior de mu\u00f1eca reforzado para mayor protecci\u00f3n<\/p>\n<p>Tiras de velcro de retenci\u00f3n para una \u00f3ptima resistencia a la abrasi\u00f3n y movilidad<\/p>\n<p>Con el\u00e1stico para un mejor ajuste<\/p>\n<p>Talla M-L-XL<\/p>\n","protected":false},"excerpt":{"rendered":"<p>Guantes deportivos en piel con protecciones para dedos y nudillos en fibra de carb\u00f3n que resultan c\u00f3modos a bordo de la moto y permiten realizar los movimientos necesarios para conducir de forma deportiva. Los ajustes en mu\u00f1eca y manga garantizan adaptarse a la forma de la mano y brazo del piloto. Las ventilas en los dedos permiten refrescar las manos en climas c\u00e1lidos mientras que los sliders de las palmas ofrecen mayor seguridad en caso de una ca\u00edda.<\/p>\n","protected":false},"featured_media":497,"comment_status":"open","ping_status":"closed","template":"","meta":[],"product_cat":[22],"product_tag":[],"_links":{"self":[{"href":"https:\/\/www.kromtekstore.com\/index.php?rest_route=\/wp\/v2\/product\/493"}],"collection":[{"href":"https:\/\/www.kromtekstore.com\/index.php?rest_route=\/wp\/v2\/product"}],"about":[{"href":"https:\/\/www.kromtekstore.com\/index.php?rest_route=\/wp\/v2\/types\/product"}],"replies":[{"embeddable":true,"href":"https:\/\/www.kromtekstore.com\/index.php?rest_route=%2Fwp%2Fv2%2Fcomments&post=493"}],"wp:featuredmedia":[{"embeddable":true,"href":"https:\/\/www.kromtekstore.com\/index.php?rest_route=\/wp\/v2\/media\/497"}],"wp:attachment":[{"href":"https:\/\/www.kromtekstore.com\/index.php?rest_route=%2Fwp%2Fv2%2Fmedia&parent=493"}],"wp:term":[{"taxonomy":"product_cat","embeddable":true,"href":"https:\/\/www.kromtekstore.com\/index.php?rest_route=%2Fwp%2Fv2%2Fproduct_cat&post=493"},{"taxonomy":"product_tag","embeddable":true,"href":"https:\/\/www.kromtekstore.com\/index.php?rest_route=%2Fwp%2Fv2%2Fproduct_tag&post=493"}],"curies":[{"name":"wp","href":"https:\/\/api.w.org\/{rel}","templated":true}]}}