{"id":477,"date":"2022-05-06T17:37:24","date_gmt":"2022-05-06T17:37:24","guid":{"rendered":"http:\/\/localhost:8888\/kromtekstore\/?post_type=product&#038;p=477"},"modified":"2024-11-21T00:00:54","modified_gmt":"2024-11-21T00:00:54","slug":"chamarra-de-piel-para-caballero-cafe-2","status":"publish","type":"product","link":"https:\/\/www.kromtekstore.com\/?product=chamarra-de-piel-para-caballero-cafe-2","title":{"rendered":"Chamarra de piel para caballero Racer caf\u00e9"},"content":{"rendered":"<p>Retro Cafe deportiva<\/p>\n<p>&#8211; Capa principal de piel de res con grano corregido<\/p>\n<p>&#8211; Protectores removibles para hombros y codos con certificaci\u00f3n CE<\/p>\n<p>&#8211; Pu\u00f1o de tela y cintura de tela para un mejor y m\u00e1s c\u00f3modo ajuste<\/p>\n<p>&#8211; Zippers YKK de alta calidad<\/p>\n<p>Tallas: S &#8211; M &#8211; L &#8211; XL<\/p>\n","protected":false},"excerpt":{"rendered":"<p>Chamarra de piel para caballero, caf\u00e9<\/p>\n","protected":false},"featured_media":482,"comment_status":"open","ping_status":"closed","template":"","meta":[],"product_cat":[21],"product_tag":[],"_links":{"self":[{"href":"https:\/\/www.kromtekstore.com\/index.php?rest_route=\/wp\/v2\/product\/477"}],"collection":[{"href":"https:\/\/www.kromtekstore.com\/index.php?rest_route=\/wp\/v2\/product"}],"about":[{"href":"https:\/\/www.kromtekstore.com\/index.php?rest_route=\/wp\/v2\/types\/product"}],"replies":[{"embeddable":true,"href":"https:\/\/www.kromtekstore.com\/index.php?rest_route=%2Fwp%2Fv2%2Fcomments&post=477"}],"wp:featuredmedia":[{"embeddable":true,"href":"https:\/\/www.kromtekstore.com\/index.php?rest_route=\/wp\/v2\/media\/482"}],"wp:attachment":[{"href":"https:\/\/www.kromtekstore.com\/index.php?rest_route=%2Fwp%2Fv2%2Fmedia&parent=477"}],"wp:term":[{"taxonomy":"product_cat","embeddable":true,"href":"https:\/\/www.kromtekstore.com\/index.php?rest_route=%2Fwp%2Fv2%2Fproduct_cat&post=477"},{"taxonomy":"product_tag","embeddable":true,"href":"https:\/\/www.kromtekstore.com\/index.php?rest_route=%2Fwp%2Fv2%2Fproduct_tag&post=477"}],"curies":[{"name":"wp","href":"https:\/\/api.w.org\/{rel}","templated":true}]}}