{"id":467,"date":"2022-05-06T17:31:47","date_gmt":"2022-05-06T17:31:47","guid":{"rendered":"http:\/\/localhost:8888\/kromtekstore\/?post_type=product&#038;p=467"},"modified":"2024-11-21T00:00:55","modified_gmt":"2024-11-21T00:00:55","slug":"chamarra-de-piel-para-dama-negro-con-blanco","status":"publish","type":"product","link":"https:\/\/www.kromtekstore.com\/?product=chamarra-de-piel-para-dama-negro-con-blanco","title":{"rendered":"Chamarra de piel para dama, negro con blanco"},"content":{"rendered":"<p>Capa exterior: 100% Piel genuina<\/p>\n<p>Cordura expandible<\/p>\n<p>Forro de fijaci\u00f3n: Micro malla transpirable con perforaciones<\/p>\n<p>Protectores removibles de poliuretano de alta densidad para hombros, codos y espalda, con certificaci\u00f3n CE \/ zipper YKK \/ bolsillos de f\u00e1cil acceso, 2 externos y uno interno<\/p>\n<p>Talla: 6 ~ 10<\/p>\n<p>Tallas: XS &#8211; S &#8211; M &#8211; L<\/p>\n","protected":false},"excerpt":{"rendered":"<p class=\"short-description\">Esta chamarra de piel negra con detalles en blanco para dama y de aspecto retro. Cuenta con protecciones contra impacto con certificaci\u00f3n CE en codos, hombros y espalda. El dise\u00f1o limpio en la parte frontal hace destacar las l\u00edneas de las mangas y el corte entallado. La suave piel es amigable con los movimientos naturales del motociclista tanto arriba como abajo de la moto y las bolsas laterales la convierten en una opci\u00f3n pr\u00e1ctica.<\/p>\n<div class=\"product-reviews-overview\">\n<div class=\"product-review-box\">\n<div class=\"rating\">\n<div><\/div>\n<\/div>\n<\/div>\n<\/div>\n","protected":false},"featured_media":472,"comment_status":"open","ping_status":"closed","template":"","meta":[],"product_cat":[21],"product_tag":[],"_links":{"self":[{"href":"https:\/\/www.kromtekstore.com\/index.php?rest_route=\/wp\/v2\/product\/467"}],"collection":[{"href":"https:\/\/www.kromtekstore.com\/index.php?rest_route=\/wp\/v2\/product"}],"about":[{"href":"https:\/\/www.kromtekstore.com\/index.php?rest_route=\/wp\/v2\/types\/product"}],"replies":[{"embeddable":true,"href":"https:\/\/www.kromtekstore.com\/index.php?rest_route=%2Fwp%2Fv2%2Fcomments&post=467"}],"wp:featuredmedia":[{"embeddable":true,"href":"https:\/\/www.kromtekstore.com\/index.php?rest_route=\/wp\/v2\/media\/472"}],"wp:attachment":[{"href":"https:\/\/www.kromtekstore.com\/index.php?rest_route=%2Fwp%2Fv2%2Fmedia&parent=467"}],"wp:term":[{"taxonomy":"product_cat","embeddable":true,"href":"https:\/\/www.kromtekstore.com\/index.php?rest_route=%2Fwp%2Fv2%2Fproduct_cat&post=467"},{"taxonomy":"product_tag","embeddable":true,"href":"https:\/\/www.kromtekstore.com\/index.php?rest_route=%2Fwp%2Fv2%2Fproduct_tag&post=467"}],"curies":[{"name":"wp","href":"https:\/\/api.w.org\/{rel}","templated":true}]}}