{"id":438,"date":"2022-05-06T14:30:22","date_gmt":"2022-05-06T14:30:22","guid":{"rendered":"http:\/\/localhost:8888\/kromtekstore\/?post_type=product&#038;p=438"},"modified":"2024-11-21T00:00:55","modified_gmt":"2024-11-21T00:00:55","slug":"chamarra-de-piliester-maxtex-malla-fresca-para-dama-blanco-con-rosa","status":"publish","type":"product","link":"https:\/\/www.kromtekstore.com\/?product=chamarra-de-piliester-maxtex-malla-fresca-para-dama-blanco-con-rosa","title":{"rendered":"Chamarra de poli\u00e9ster para dama, blanco con rosa"},"content":{"rendered":"<p>Capa exterior: poli\u00e9ster maxtex \/ malla fresca<\/p>\n<p>Forro de fijaci\u00f3n: Micro malla perforada<\/p>\n<p>Forro removible: Forro de color acolchonado y totalmente aislado<\/p>\n<p>Membrana removible: Forro Reissa\u00a0z. 100% impermeable, a prueba de viento y con respiraci\u00f3n<\/p>\n<p>Cuello suave de terciopelo \/ protectores de poliuretano de alta densidad removibles para hombros, codos y espalda, con certificaci\u00f3n CE \/ zipper YKK \/ bolsillos de acceso f\u00e1cil, 2 externos y uno interno \/ pu\u00f1o con cierres de zipper y broche \/ ajustes de brazos y cintura<\/p>\n<p>Talla: 6 ~ 10<\/p>\n<p>Tallas: S &#8211; M &#8211; L<\/p>\n","protected":false},"excerpt":{"rendered":"<p>Esta chamarra textil touring para dama con protecciones contra impacto con certificaci\u00f3n CE en codos, hombros y espalda es perfecta para viajes largos a bordo de cualquier motocicleta garantizando tu seguridad. El corte c\u00f3modo, los bolsillos en los laterales y ventilaci\u00f3n en el pecho convierten en una chamarra pr\u00e1ctica tanto arriba como abajo de la moto. La textura de malla permite una excelente ventilaci\u00f3n, siendo entonces ideales para climas c\u00e1lidos y templados.<\/p>\n","protected":false},"featured_media":442,"comment_status":"open","ping_status":"closed","template":"","meta":[],"product_cat":[21],"product_tag":[],"_links":{"self":[{"href":"https:\/\/www.kromtekstore.com\/index.php?rest_route=\/wp\/v2\/product\/438"}],"collection":[{"href":"https:\/\/www.kromtekstore.com\/index.php?rest_route=\/wp\/v2\/product"}],"about":[{"href":"https:\/\/www.kromtekstore.com\/index.php?rest_route=\/wp\/v2\/types\/product"}],"replies":[{"embeddable":true,"href":"https:\/\/www.kromtekstore.com\/index.php?rest_route=%2Fwp%2Fv2%2Fcomments&post=438"}],"wp:featuredmedia":[{"embeddable":true,"href":"https:\/\/www.kromtekstore.com\/index.php?rest_route=\/wp\/v2\/media\/442"}],"wp:attachment":[{"href":"https:\/\/www.kromtekstore.com\/index.php?rest_route=%2Fwp%2Fv2%2Fmedia&parent=438"}],"wp:term":[{"taxonomy":"product_cat","embeddable":true,"href":"https:\/\/www.kromtekstore.com\/index.php?rest_route=%2Fwp%2Fv2%2Fproduct_cat&post=438"},{"taxonomy":"product_tag","embeddable":true,"href":"https:\/\/www.kromtekstore.com\/index.php?rest_route=%2Fwp%2Fv2%2Fproduct_tag&post=438"}],"curies":[{"name":"wp","href":"https:\/\/api.w.org\/{rel}","templated":true}]}}