{"id":406,"date":"2022-05-06T03:34:25","date_gmt":"2022-05-06T03:34:25","guid":{"rendered":"http:\/\/localhost:8888\/kromtekstore\/?post_type=product&#038;p=406"},"modified":"2024-11-21T00:00:54","modified_gmt":"2024-11-21T00:00:54","slug":"chamarra-de-piel-para-caballero-negra-2","status":"publish","type":"product","link":"https:\/\/www.kromtekstore.com\/?product=chamarra-de-piel-para-caballero-negra-2","title":{"rendered":"Chamarra de piel para caballero Racer negro"},"content":{"rendered":"<p>Capa exterior: 100% piel genuina<\/p>\n<p>Cordura expandible<\/p>\n<p>Forro de fijaci\u00f3n: micro malla con perforaciones<\/p>\n<p>Protectores removibles de poliuretano de alta densidad para hombros, codos y espalda, con certificaci\u00f3n CE \/ zipper YKK \/ bolsillos de f\u00e1cil acceso, 2 externos y uno interno<\/p>\n<p>Tallas: S &#8211; M &#8211; L &#8211; XL<\/p>\n","protected":false},"excerpt":{"rendered":"<p>Esta chamarra de piel negra con aspecto moderno y cierres plateados es perfecta para rodar en una moto de aspecto cl\u00e1sico o deportiva. Cuenta con protecciones contra impacto con certificaci\u00f3n CE en codos, hombros y espalda. La suave piel es amigable con los movimientos naturales del motociclista tanto arriba como abajo de la moto y su ligero peso y bolsas laterales y en el pecho la convierten en una opci\u00f3n pr\u00e1ctica para usarse todos los d\u00edas. La piel es gruesa y protege del frio, as\u00ed que es ideal para climas m\u00e1s templados a fr\u00edos<\/p>\n","protected":false},"featured_media":412,"comment_status":"open","ping_status":"closed","template":"","meta":[],"product_cat":[21],"product_tag":[],"_links":{"self":[{"href":"https:\/\/www.kromtekstore.com\/index.php?rest_route=\/wp\/v2\/product\/406"}],"collection":[{"href":"https:\/\/www.kromtekstore.com\/index.php?rest_route=\/wp\/v2\/product"}],"about":[{"href":"https:\/\/www.kromtekstore.com\/index.php?rest_route=\/wp\/v2\/types\/product"}],"replies":[{"embeddable":true,"href":"https:\/\/www.kromtekstore.com\/index.php?rest_route=%2Fwp%2Fv2%2Fcomments&post=406"}],"wp:featuredmedia":[{"embeddable":true,"href":"https:\/\/www.kromtekstore.com\/index.php?rest_route=\/wp\/v2\/media\/412"}],"wp:attachment":[{"href":"https:\/\/www.kromtekstore.com\/index.php?rest_route=%2Fwp%2Fv2%2Fmedia&parent=406"}],"wp:term":[{"taxonomy":"product_cat","embeddable":true,"href":"https:\/\/www.kromtekstore.com\/index.php?rest_route=%2Fwp%2Fv2%2Fproduct_cat&post=406"},{"taxonomy":"product_tag","embeddable":true,"href":"https:\/\/www.kromtekstore.com\/index.php?rest_route=%2Fwp%2Fv2%2Fproduct_tag&post=406"}],"curies":[{"name":"wp","href":"https:\/\/api.w.org\/{rel}","templated":true}]}}