{"id":376,"date":"2022-05-05T20:33:23","date_gmt":"2022-05-05T20:33:23","guid":{"rendered":"http:\/\/localhost:8888\/kromtekstore\/?post_type=product&#038;p=376"},"modified":"2024-11-21T00:00:54","modified_gmt":"2024-11-21T00:00:54","slug":"chamarra-de-piel-para-caballero-negro-con-rojo","status":"publish","type":"product","link":"https:\/\/www.kromtekstore.com\/?product=chamarra-de-piel-para-caballero-negro-con-rojo","title":{"rendered":"Chamarra de piel para caballero, negro con rojo"},"content":{"rendered":"<p>Capa exterior: 100% Piel natural<\/p>\n<p>Capa interior: Forro de malla con tela expandible<\/p>\n<p>Chaleco calentador removible<\/p>\n<p>Talla: 46 \u2013 54<\/p>\n<p>Tallas: S &#8211; M &#8211; L &#8211; XL<\/p>\n","protected":false},"excerpt":{"rendered":"<p>Esta chamarra deportiva de piel con protecciones contra impacto con certificaci\u00f3n CE en codos, hombros, espalda y joroba es perfecta para rodar en una moto deportiva garantizando tu seguridad. El corte es neutro, pensado para una posici\u00f3n inclinada-recta y con detalles como los bolsillos en los laterales la convierten en una chamarra pr\u00e1ctica tanto arriba como abajo de la moto. La textura de malla interior asegura mantenerte fresco en cualquier situaci\u00f3n mientras que los m\u00faltiples ajustes garantizar\u00e1n acomodarse al cuerpo.<\/p>\n","protected":false},"featured_media":381,"comment_status":"open","ping_status":"closed","template":"","meta":[],"product_cat":[21,26],"product_tag":[],"_links":{"self":[{"href":"https:\/\/www.kromtekstore.com\/index.php?rest_route=\/wp\/v2\/product\/376"}],"collection":[{"href":"https:\/\/www.kromtekstore.com\/index.php?rest_route=\/wp\/v2\/product"}],"about":[{"href":"https:\/\/www.kromtekstore.com\/index.php?rest_route=\/wp\/v2\/types\/product"}],"replies":[{"embeddable":true,"href":"https:\/\/www.kromtekstore.com\/index.php?rest_route=%2Fwp%2Fv2%2Fcomments&post=376"}],"wp:featuredmedia":[{"embeddable":true,"href":"https:\/\/www.kromtekstore.com\/index.php?rest_route=\/wp\/v2\/media\/381"}],"wp:attachment":[{"href":"https:\/\/www.kromtekstore.com\/index.php?rest_route=%2Fwp%2Fv2%2Fmedia&parent=376"}],"wp:term":[{"taxonomy":"product_cat","embeddable":true,"href":"https:\/\/www.kromtekstore.com\/index.php?rest_route=%2Fwp%2Fv2%2Fproduct_cat&post=376"},{"taxonomy":"product_tag","embeddable":true,"href":"https:\/\/www.kromtekstore.com\/index.php?rest_route=%2Fwp%2Fv2%2Fproduct_tag&post=376"}],"curies":[{"name":"wp","href":"https:\/\/api.w.org\/{rel}","templated":true}]}}