{"id":348,"date":"2022-05-05T15:37:09","date_gmt":"2022-05-05T15:37:09","guid":{"rendered":"http:\/\/localhost:8888\/kromtekstore\/?post_type=product&#038;p=348"},"modified":"2024-11-21T00:00:54","modified_gmt":"2024-11-21T00:00:54","slug":"chamarra-de-poliester-maxtex-nylon-para-caballero-negro-con-rojo","status":"publish","type":"product","link":"https:\/\/www.kromtekstore.com\/?product=chamarra-de-poliester-maxtex-nylon-para-caballero-negro-con-rojo","title":{"rendered":"Chamarra poliester para caballero, negro con rojo"},"content":{"rendered":"<p>Capa Exterior: Poli\u00e9ster maxtex \/ nylon<\/p>\n<p>Forro de fijaci\u00f3n: Micro malla con perforaciones<\/p>\n<p>Forro removible: Acolchonado totalmente aislado<\/p>\n<p>Membrana: Reissa z-liner.\u00a0100% impermeable, a prueba de viento y transpirable<\/p>\n<p>Sistema de broche de seguridad en la espalda<\/p>\n<p>Reflejante Dynatec \/ cuello suave de terciopelo \/ protectores de poliuretano de alta densidad removibles para hombros, codos y espalda, con certificaci\u00f3n CE \/ zipper YKK \/ bolsillos de f\u00e1cil acceso, 2 externos y uno interno \/ pu\u00f1o con cierres de zipper y de broche \/ ajustes de brazos y cintura \/ cuello con cierre magn\u00e9tico<\/p>\n<p>Tallas: S &#8211; M &#8211; L<\/p>\n","protected":false},"excerpt":{"rendered":"<p>Esta chamarra textil touring con protecciones contra impacto con certificaci\u00f3n CE en codos, hombros y espalda es perfecta para viajes largos a bordo de cualquier motocicleta garantizando tu seguridad. El corte c\u00f3modo, los bolsillos en los laterales y ventilaci\u00f3n en el pecho convierten en una chamarra pr\u00e1ctica tanto arriba como abajo de la moto. La capa exterior impermeable y el forro interior de malla permiten una excelente ventilaci\u00f3n sin importar las condiciones clim\u00e1ticas.<\/p>\n","protected":false},"featured_media":352,"comment_status":"open","ping_status":"closed","template":"","meta":[],"product_cat":[21],"product_tag":[],"_links":{"self":[{"href":"https:\/\/www.kromtekstore.com\/index.php?rest_route=\/wp\/v2\/product\/348"}],"collection":[{"href":"https:\/\/www.kromtekstore.com\/index.php?rest_route=\/wp\/v2\/product"}],"about":[{"href":"https:\/\/www.kromtekstore.com\/index.php?rest_route=\/wp\/v2\/types\/product"}],"replies":[{"embeddable":true,"href":"https:\/\/www.kromtekstore.com\/index.php?rest_route=%2Fwp%2Fv2%2Fcomments&post=348"}],"wp:featuredmedia":[{"embeddable":true,"href":"https:\/\/www.kromtekstore.com\/index.php?rest_route=\/wp\/v2\/media\/352"}],"wp:attachment":[{"href":"https:\/\/www.kromtekstore.com\/index.php?rest_route=%2Fwp%2Fv2%2Fmedia&parent=348"}],"wp:term":[{"taxonomy":"product_cat","embeddable":true,"href":"https:\/\/www.kromtekstore.com\/index.php?rest_route=%2Fwp%2Fv2%2Fproduct_cat&post=348"},{"taxonomy":"product_tag","embeddable":true,"href":"https:\/\/www.kromtekstore.com\/index.php?rest_route=%2Fwp%2Fv2%2Fproduct_tag&post=348"}],"curies":[{"name":"wp","href":"https:\/\/api.w.org\/{rel}","templated":true}]}}