{"id":333,"date":"2022-05-05T04:10:14","date_gmt":"2022-05-05T04:10:14","guid":{"rendered":"http:\/\/localhost:8888\/kromtekstore\/?post_type=product&#038;p=333"},"modified":"2024-11-21T00:00:56","modified_gmt":"2024-11-21T00:00:56","slug":"paquete-camiseta-pantalon-calcetines-termicos-para-caballero","status":"publish","type":"product","link":"https:\/\/www.kromtekstore.com\/?product=paquete-camiseta-pantalon-calcetines-termicos-para-caballero","title":{"rendered":"Paquete Camiseta, pantal\u00f3n, calcetines t\u00e9rmicos para caballero"},"content":{"rendered":"<p><strong>Se mantiene seca, c\u00f3moda y suave.<\/strong><\/p>\n<p><strong>Dise\u00f1o de cord\u00f3n de ajuste de mangas y pantalones.<\/strong><\/p>\n<p><strong>TALLAS<\/strong>\u00a0M &#8211; L &#8211; XL<\/p>\n","protected":false},"excerpt":{"rendered":"<p>Paquete Camiseta, pantal\u00f3n, calcetines t\u00e9rmicos para caballero<\/p>\n","protected":false},"featured_media":337,"comment_status":"open","ping_status":"closed","template":"","meta":[],"product_cat":[24],"product_tag":[],"_links":{"self":[{"href":"https:\/\/www.kromtekstore.com\/index.php?rest_route=\/wp\/v2\/product\/333"}],"collection":[{"href":"https:\/\/www.kromtekstore.com\/index.php?rest_route=\/wp\/v2\/product"}],"about":[{"href":"https:\/\/www.kromtekstore.com\/index.php?rest_route=\/wp\/v2\/types\/product"}],"replies":[{"embeddable":true,"href":"https:\/\/www.kromtekstore.com\/index.php?rest_route=%2Fwp%2Fv2%2Fcomments&post=333"}],"wp:featuredmedia":[{"embeddable":true,"href":"https:\/\/www.kromtekstore.com\/index.php?rest_route=\/wp\/v2\/media\/337"}],"wp:attachment":[{"href":"https:\/\/www.kromtekstore.com\/index.php?rest_route=%2Fwp%2Fv2%2Fmedia&parent=333"}],"wp:term":[{"taxonomy":"product_cat","embeddable":true,"href":"https:\/\/www.kromtekstore.com\/index.php?rest_route=%2Fwp%2Fv2%2Fproduct_cat&post=333"},{"taxonomy":"product_tag","embeddable":true,"href":"https:\/\/www.kromtekstore.com\/index.php?rest_route=%2Fwp%2Fv2%2Fproduct_tag&post=333"}],"curies":[{"name":"wp","href":"https:\/\/api.w.org\/{rel}","templated":true}]}}