{"id":316,"date":"2022-05-05T03:59:11","date_gmt":"2022-05-05T03:59:11","guid":{"rendered":"http:\/\/localhost:8888\/kromtekstore\/?post_type=product&#038;p=316"},"modified":"2024-11-21T00:00:54","modified_gmt":"2024-11-21T00:00:54","slug":"pantalon-de-mezclilla-para-caballero-con-protecciones","status":"publish","type":"product","link":"https:\/\/www.kromtekstore.com\/?product=pantalon-de-mezclilla-para-caballero-con-protecciones","title":{"rendered":"Pantal\u00f3n de mezclilla para caballero, con protecciones"},"content":{"rendered":"<p>Mezcla de telas poli de 1200 y 500 con malla de flujo de aire anti-abrasiva para un enfriamiento con m\u00e1xima comodidad<\/p>\n<p>&#8211; Forro de malla para mejorar la respiraci\u00f3n y capacidad de flujo de aire<\/p>\n<p>&#8211; Tela el\u00e1stica expandible en las ingles para mayor flexibilidad y comodidad.<\/p>\n<p>&#8211; Parte trasera del muslo reforzada con material m\u00e1s grueso para mayor protecci\u00f3n anti-abrasiva<\/p>\n<p>&#8211; Protector de rodilla removible con certificaci\u00f3n CE<\/p>\n<p>Tallas: S &#8211; M &#8211; L &#8211; XL<\/p>\n","protected":false},"excerpt":{"rendered":"<p align=\"justify\">Este pantal\u00f3n de mezclilla con protecciones te dar\u00e1 ese aspecto casual a bordo de cualquier motocicleta sin perder la protecci\u00f3n que se requiere. Cuenta con protecciones contra impacto en rodillas y cadera certificados por la uni\u00f3n europea EC, adem\u00e1s de la superficie anti-abrasiva del exterior en todo el pantal\u00f3n.<\/p>\n<div class=\"product-reviews-overview\">\n<div class=\"product-review-box\">\n<div class=\"rating\">\n<div><\/div>\n<\/div>\n<\/div>\n<\/div>\n","protected":false},"featured_media":321,"comment_status":"open","ping_status":"closed","template":"","meta":[],"product_cat":[20],"product_tag":[],"_links":{"self":[{"href":"https:\/\/www.kromtekstore.com\/index.php?rest_route=\/wp\/v2\/product\/316"}],"collection":[{"href":"https:\/\/www.kromtekstore.com\/index.php?rest_route=\/wp\/v2\/product"}],"about":[{"href":"https:\/\/www.kromtekstore.com\/index.php?rest_route=\/wp\/v2\/types\/product"}],"replies":[{"embeddable":true,"href":"https:\/\/www.kromtekstore.com\/index.php?rest_route=%2Fwp%2Fv2%2Fcomments&post=316"}],"wp:featuredmedia":[{"embeddable":true,"href":"https:\/\/www.kromtekstore.com\/index.php?rest_route=\/wp\/v2\/media\/321"}],"wp:attachment":[{"href":"https:\/\/www.kromtekstore.com\/index.php?rest_route=%2Fwp%2Fv2%2Fmedia&parent=316"}],"wp:term":[{"taxonomy":"product_cat","embeddable":true,"href":"https:\/\/www.kromtekstore.com\/index.php?rest_route=%2Fwp%2Fv2%2Fproduct_cat&post=316"},{"taxonomy":"product_tag","embeddable":true,"href":"https:\/\/www.kromtekstore.com\/index.php?rest_route=%2Fwp%2Fv2%2Fproduct_tag&post=316"}],"curies":[{"name":"wp","href":"https:\/\/api.w.org\/{rel}","templated":true}]}}