{"id":273,"date":"2022-05-05T03:34:37","date_gmt":"2022-05-05T03:34:37","guid":{"rendered":"http:\/\/localhost:8888\/kromtekstore\/?post_type=product&#038;p=273"},"modified":"2024-11-21T00:00:54","modified_gmt":"2024-11-21T00:00:54","slug":"casco-abatible-con-doble-visera-negro-con-rojo-y-blanco","status":"publish","type":"product","link":"https:\/\/www.kromtekstore.com\/?product=casco-abatible-con-doble-visera-negro-con-rojo-y-blanco","title":{"rendered":"Dual Tek &#8220;Sport&#8221;"},"content":{"rendered":"<p><strong>Coraza:<\/strong><\/p>\n<p>-Termopl\u00e1stico de alta calidad.<\/p>\n<p>&#8211; Resistente al impacto<\/p>\n<p>&#8211; Resistente a perforaci\u00f3n<\/p>\n<p><strong>Forro:<\/strong><\/p>\n<p>Microfibra de tacto agradable, c\u00f3modo y con respiraci\u00f3n, acolchonado interior y lateral con almohadillas interiores lavables y lremovibles.<\/p>\n<p><strong>Sistema de retenci\u00f3n:<\/strong><\/p>\n<p>Coj\u00edn de barbilla con broche de cierre en doble D.<\/p>\n<p><strong>Visor \u00f3pticamente superior:<\/strong><\/p>\n<p>Proporciona 95% de protecci\u00f3n UV.<\/p>\n<p><strong>Ventilaci\u00f3n:<\/strong><\/p>\n<p>Sistema de ventilaci\u00f3n eficiente con una entrada de aire frontal y superior con un conducto de salida de aire deble en la parte posterior que permite una mayor disipaci\u00f3n de calor y mejor flujo de aire.<\/p>\n<p><strong>Certificaci\u00f3n:<\/strong><\/p>\n<p>DOT FMVSSNo.218<\/p>\n<p><strong>EPS:<\/strong><\/p>\n<p>Alta protecci\u00f3n interior con triple capa de poliestireno expandido, que permite el aislamiento\u00a0 t\u00e9rmico y amortiguaci\u00f3n contra impactos.<\/p>\n<p>(tres corazas y tres EPS)<\/p>\n<p><strong>Talla:<\/strong><\/p>\n<p>L, XL, XXL<\/p>\n","protected":false},"excerpt":{"rendered":"<p>Este casco modular con dise\u00f1o aerodin\u00e1mico es la mejor opci\u00f3n para motociclistas que acumular kil\u00f3metros. Las entradas de aire quedan completamente herm\u00e9ticas en caso de requerirse o pueden quedar abiertas y permitir el flujo de aire. Gracias al trabajo de ingenier\u00eda aerodin\u00e1mica es muy silencioso. Adem\u00e1s cuenta con lentes obscuros interiores retr\u00e1ctiles para mayor practicidad y una mica de seguridad contra el viento y objetos que pudieran volar en el camino. El interior del casco es completamente removible para lavarse en casa.<\/p>\n","protected":false},"featured_media":1129,"comment_status":"open","ping_status":"closed","template":"","meta":[],"product_cat":[18,15],"product_tag":[],"_links":{"self":[{"href":"https:\/\/www.kromtekstore.com\/index.php?rest_route=\/wp\/v2\/product\/273"}],"collection":[{"href":"https:\/\/www.kromtekstore.com\/index.php?rest_route=\/wp\/v2\/product"}],"about":[{"href":"https:\/\/www.kromtekstore.com\/index.php?rest_route=\/wp\/v2\/types\/product"}],"replies":[{"embeddable":true,"href":"https:\/\/www.kromtekstore.com\/index.php?rest_route=%2Fwp%2Fv2%2Fcomments&post=273"}],"wp:featuredmedia":[{"embeddable":true,"href":"https:\/\/www.kromtekstore.com\/index.php?rest_route=\/wp\/v2\/media\/1129"}],"wp:attachment":[{"href":"https:\/\/www.kromtekstore.com\/index.php?rest_route=%2Fwp%2Fv2%2Fmedia&parent=273"}],"wp:term":[{"taxonomy":"product_cat","embeddable":true,"href":"https:\/\/www.kromtekstore.com\/index.php?rest_route=%2Fwp%2Fv2%2Fproduct_cat&post=273"},{"taxonomy":"product_tag","embeddable":true,"href":"https:\/\/www.kromtekstore.com\/index.php?rest_route=%2Fwp%2Fv2%2Fproduct_tag&post=273"}],"curies":[{"name":"wp","href":"https:\/\/api.w.org\/{rel}","templated":true}]}}