{"id":202,"date":"2022-05-04T22:07:36","date_gmt":"2022-05-04T22:07:36","guid":{"rendered":"http:\/\/localhost:8888\/kromtekstore\/?post_type=product&#038;p=202"},"modified":"2026-04-05T01:02:18","modified_gmt":"2026-04-05T01:02:18","slug":"casco-abierto-de-fibra-de-carbono-negro-mate","status":"publish","type":"product","link":"https:\/\/www.kromtekstore.com\/?product=casco-abierto-de-fibra-de-carbono-negro-mate","title":{"rendered":"Air Tek Ultralight &#8220;Black&#8221;"},"content":{"rendered":"<p><strong>Coraza:<\/strong><\/p>\n<p>&#8211; Compuesto de Fibra de Carbono 3K y de fibra de vidrio de alta calidad<\/p>\n<p>&#8211; resistente al impacto<\/p>\n<p>&#8211; resistente a la perforacion<\/p>\n<p><strong>Forr\u00f3:<\/strong><\/p>\n<p>C\u00f3modo y con respiraci\u00f3n, removible y lavable<\/p>\n<p><strong>Sistema de retenci\u00f3n:<\/strong><\/p>\n<p>Coj\u00edn de barbilla con broche de cierre en doble D.<\/p>\n<p><strong>Visera \u00f3pticamente superior:<\/strong><\/p>\n<p>Aporta un 95% de protecci\u00f3n UV.<\/p>\n<p><strong>ventilacion:<\/strong><\/p>\n<p>M\u00e1ximo flujo de aire mediante ventilaci\u00f3n de m\u00faltiples canales.<\/p>\n<p><strong>Certificaci\u00f3n:<\/strong><\/p>\n<p>DOT FMVSSN No. 218.<\/p>\n<p><strong>EPS:<\/strong><\/p>\n<p>Alta protecci\u00f3n interior con triple capa de poliestireno expandido, que permite el aislamiento t\u00e9rmico y amortiguaci\u00f3n contra impactos.<\/p>\n<p>(dos corazones y tres EPS)<\/p>\n<p><strong>Talla:<\/strong><\/p>\n<p>S, M, L<\/p>\n","protected":false},"excerpt":{"rendered":"<p>La fibra de carb\u00f3n usada en la construcci\u00f3n de este casco abierto 3\/4 reduce significativamente el peso del mismo, provocando que sea muy c\u00f3modo y pr\u00e1ctico. El detalle del per\u00edmetro en cobre le agrega un toque elegante y retro. El interior acolchado y suave lo hace c\u00f3modo al uso.<\/p>\n","protected":false},"featured_media":206,"comment_status":"open","ping_status":"closed","template":"","meta":[],"product_cat":[18,15],"product_tag":[],"_links":{"self":[{"href":"https:\/\/www.kromtekstore.com\/index.php?rest_route=\/wp\/v2\/product\/202"}],"collection":[{"href":"https:\/\/www.kromtekstore.com\/index.php?rest_route=\/wp\/v2\/product"}],"about":[{"href":"https:\/\/www.kromtekstore.com\/index.php?rest_route=\/wp\/v2\/types\/product"}],"replies":[{"embeddable":true,"href":"https:\/\/www.kromtekstore.com\/index.php?rest_route=%2Fwp%2Fv2%2Fcomments&post=202"}],"wp:featuredmedia":[{"embeddable":true,"href":"https:\/\/www.kromtekstore.com\/index.php?rest_route=\/wp\/v2\/media\/206"}],"wp:attachment":[{"href":"https:\/\/www.kromtekstore.com\/index.php?rest_route=%2Fwp%2Fv2%2Fmedia&parent=202"}],"wp:term":[{"taxonomy":"product_cat","embeddable":true,"href":"https:\/\/www.kromtekstore.com\/index.php?rest_route=%2Fwp%2Fv2%2Fproduct_cat&post=202"},{"taxonomy":"product_tag","embeddable":true,"href":"https:\/\/www.kromtekstore.com\/index.php?rest_route=%2Fwp%2Fv2%2Fproduct_tag&post=202"}],"curies":[{"name":"wp","href":"https:\/\/api.w.org\/{rel}","templated":true}]}}