{"id":187,"date":"2022-05-04T21:54:44","date_gmt":"2022-05-04T21:54:44","guid":{"rendered":"http:\/\/localhost:8888\/kromtekstore\/?post_type=product&#038;p=187"},"modified":"2024-11-21T00:00:53","modified_gmt":"2024-11-21T00:00:53","slug":"casco-cerrado-con-doble-visera-blanco-y-negro","status":"publish","type":"product","link":"https:\/\/www.kromtekstore.com\/?product=casco-cerrado-con-doble-visera-blanco-y-negro","title":{"rendered":"Nova Tek &#8220;Grey&#8221;"},"content":{"rendered":"<p><strong>Coraza:<\/strong><\/p>\n<p>-Termopl\u00e1stico de alta calidad.<\/p>\n<p>&#8211; Resistente al impacto<\/p>\n<p>&#8211; Resistente a perforaci\u00f3n<\/p>\n<p><strong>Forro:<\/strong><\/p>\n<p>Microfibra de tacto agradable, c\u00f3modo y con respiraci\u00f3n, acolchonado interior y lateral con almohadillas interiores lavables y lremovibles.<\/p>\n<p><strong>Sistema de retenci\u00f3n:<\/strong><\/p>\n<p>Coj\u00edn de barbilla con broche de cierre en doble D.<\/p>\n<p><strong>Visor \u00f3pticamente superior:<\/strong><\/p>\n<p>Pantalla doble con vicera solar secundaria plegable que proporciona 95% de protecci\u00f3n UV.<\/p>\n<p><strong>Ventilaci\u00f3n:<\/strong><\/p>\n<p>Sistema de ventilaci\u00f3n eficiente con una entrada de aire frontal, dos superiores con un conducto de salida de aire deble en la parte posterior que permite una mayor disipaci\u00f3n de calor y mejor flujo de aire.<\/p>\n<p><strong>Certificaci\u00f3n:<\/strong><\/p>\n<p>DOT FMVSS No.218<\/p>\n<p><strong>EPS:<\/strong><\/p>\n<p>Alta protecci\u00f3n interior con tres capas de poliestireno expandido, que permite el aislamiento\u00a0 t\u00e9rmico y amortiguaci\u00f3n contra impactos.<\/p>\n<p>(dos corazas y tres EPS)<\/p>\n<p><strong>Talla:<\/strong><\/p>\n<p>L, XL,<\/p>\n","protected":false},"excerpt":{"rendered":"<p>Este casco cerrado con doble visera de lentes obscuros y de protecci\u00f3n exterior garantiza la mayor protecci\u00f3n en todo tipo de situaciones al conducir. Las ventilas exteriores en la parte de arriba del casco y enfrente se pueden cerrar o abrir por completo para permitir el paso del aire de forma m\u00e1s natural, haci\u00e9ndolo un casco bien ventilado y pr\u00e1ctico para cualquier ocasi\u00f3n. El interior removible permite al piloto lavar el casco en su casa.<\/p>\n","protected":false},"featured_media":190,"comment_status":"open","ping_status":"closed","template":"","meta":[],"product_cat":[18,15],"product_tag":[],"_links":{"self":[{"href":"https:\/\/www.kromtekstore.com\/index.php?rest_route=\/wp\/v2\/product\/187"}],"collection":[{"href":"https:\/\/www.kromtekstore.com\/index.php?rest_route=\/wp\/v2\/product"}],"about":[{"href":"https:\/\/www.kromtekstore.com\/index.php?rest_route=\/wp\/v2\/types\/product"}],"replies":[{"embeddable":true,"href":"https:\/\/www.kromtekstore.com\/index.php?rest_route=%2Fwp%2Fv2%2Fcomments&post=187"}],"wp:featuredmedia":[{"embeddable":true,"href":"https:\/\/www.kromtekstore.com\/index.php?rest_route=\/wp\/v2\/media\/190"}],"wp:attachment":[{"href":"https:\/\/www.kromtekstore.com\/index.php?rest_route=%2Fwp%2Fv2%2Fmedia&parent=187"}],"wp:term":[{"taxonomy":"product_cat","embeddable":true,"href":"https:\/\/www.kromtekstore.com\/index.php?rest_route=%2Fwp%2Fv2%2Fproduct_cat&post=187"},{"taxonomy":"product_tag","embeddable":true,"href":"https:\/\/www.kromtekstore.com\/index.php?rest_route=%2Fwp%2Fv2%2Fproduct_tag&post=187"}],"curies":[{"name":"wp","href":"https:\/\/api.w.org\/{rel}","templated":true}]}}