{"id":168,"date":"2022-05-04T20:52:35","date_gmt":"2022-05-04T20:52:35","guid":{"rendered":"http:\/\/localhost:8888\/kromtekstore\/?post_type=product&#038;p=168"},"modified":"2024-11-21T00:00:53","modified_gmt":"2024-11-21T00:00:53","slug":"casco-cerrado-con-doble-visera-negro-con-rojo-y-blanco","status":"publish","type":"product","link":"https:\/\/www.kromtekstore.com\/?product=casco-cerrado-con-doble-visera-negro-con-rojo-y-blanco","title":{"rendered":"Street Tek &#8220;Unleashed&#8221;"},"content":{"rendered":"<p><strong>Coraza:<\/strong><\/p>\n<p>-Pl\u00e1stico termoformado de alta calidad.<\/p>\n<p>&#8211; Resistente al impacto<\/p>\n<p>&#8211; Resistente a perforaci\u00f3n<\/p>\n<p><strong>Forro:<\/strong><\/p>\n<p>Microfibra de tacto agradable, c\u00f3modo y con respiraci\u00f3n, acolchonado interior y lateral con almohadillas interiores lavables y removibles.<\/p>\n<p><strong>Sistema de retenci\u00f3n:<\/strong><\/p>\n<p>Coj\u00edn de barbilla con broche de cierre en doble D.<\/p>\n<p><strong>Visor \u00f3pticamente superior:<\/strong><\/p>\n<p>Pantalla doble con vicera solar secundaria plegable que proporciona 95% de protecci\u00f3n UV.<\/p>\n<p><strong>Ventilaci\u00f3n:<\/strong><\/p>\n<p>Sistema de ventilaci\u00f3n eficiente con una entrada de aire frontal y superior con un conducto de salida de aire en la parte posterior que permite una mejor disipaci\u00f3n de calor y mejor flujo de aire.<\/p>\n<p><strong>Certificaci\u00f3n:<\/strong><\/p>\n<p>DOT FMVSS No. 218<\/p>\n<p><strong>Talla:<\/strong><\/p>\n<p>L, XL, XXL<\/p>\n<p>(Una coraza y tres EPS)<\/p>\n","protected":false},"excerpt":{"rendered":"<p>Este casco cerrado con doble visera de lentes obscuros y de protecci\u00f3n exterior garantiza la mayor protecci\u00f3n en todo tipo de situaciones al conducir. Las ventilas exteriores en la parte de arriba del casco y enfrente se pueden cerrar o abrir por completo para permitir el paso del aire de forma m\u00e1s natural, haci\u00e9ndolo un casco bien ventilado y pr\u00e1ctico para cualquier ocasi\u00f3n. El interior removible permite al piloto lavar el casco en su casa.<\/p>\n","protected":false},"featured_media":169,"comment_status":"open","ping_status":"closed","template":"","meta":[],"product_cat":[18,15],"product_tag":[],"_links":{"self":[{"href":"https:\/\/www.kromtekstore.com\/index.php?rest_route=\/wp\/v2\/product\/168"}],"collection":[{"href":"https:\/\/www.kromtekstore.com\/index.php?rest_route=\/wp\/v2\/product"}],"about":[{"href":"https:\/\/www.kromtekstore.com\/index.php?rest_route=\/wp\/v2\/types\/product"}],"replies":[{"embeddable":true,"href":"https:\/\/www.kromtekstore.com\/index.php?rest_route=%2Fwp%2Fv2%2Fcomments&post=168"}],"wp:featuredmedia":[{"embeddable":true,"href":"https:\/\/www.kromtekstore.com\/index.php?rest_route=\/wp\/v2\/media\/169"}],"wp:attachment":[{"href":"https:\/\/www.kromtekstore.com\/index.php?rest_route=%2Fwp%2Fv2%2Fmedia&parent=168"}],"wp:term":[{"taxonomy":"product_cat","embeddable":true,"href":"https:\/\/www.kromtekstore.com\/index.php?rest_route=%2Fwp%2Fv2%2Fproduct_cat&post=168"},{"taxonomy":"product_tag","embeddable":true,"href":"https:\/\/www.kromtekstore.com\/index.php?rest_route=%2Fwp%2Fv2%2Fproduct_tag&post=168"}],"curies":[{"name":"wp","href":"https:\/\/api.w.org\/{rel}","templated":true}]}}