{"id":156,"date":"2022-05-04T20:47:09","date_gmt":"2022-05-04T20:47:09","guid":{"rendered":"http:\/\/localhost:8888\/kromtekstore\/?post_type=product&#038;p=156"},"modified":"2024-11-21T00:00:53","modified_gmt":"2024-11-21T00:00:53","slug":"street-tek-gambler","status":"publish","type":"product","link":"https:\/\/www.kromtekstore.com\/?product=street-tek-gambler","title":{"rendered":"Street Tek &#8220;Gambler&#8221;"},"content":{"rendered":"<p><strong>Coraza:<\/strong><\/p>\n<p>-Pl\u00e1stico termoformado de alta calidad.<\/p>\n<p>-Resistente al impacto.<\/p>\n<p>-Resistente a perforaciones.<\/p>\n<p><strong>Forro:<\/strong><\/p>\n<p>Microfibra de tacto agradable, c\u00f3modo y con respiraci\u00f3n, acolchonado interior y lateral con almohadillas interiores lavables y removibles.<\/p>\n<p><strong>Sistema de retenci\u00f3n:<\/strong><\/p>\n<p>Coj\u00edn de barbilla con broche de cierre en doble D.<\/p>\n<p><strong>Visor \u00f3ptico superior:<\/strong><\/p>\n<p>Proporciona 95% de protecci\u00f3n UV y est\u00e1 listo para el accesorio antiniebla m\u00e1s avanzado.<\/p>\n<p><strong>Ventilaci\u00f3n:<\/strong><\/p>\n<p>Sistema de ventilaci\u00f3n eficiente con una entrada de aire frontal y superior con un conducto de salida de aire en la parte posterior que permite una mejor disipaci\u00f3n de calor y mejor flujo de aire.<\/p>\n<p><strong>Certificaci\u00f3n:<\/strong><\/p>\n<p>DOT FMVSS No.218.<\/p>\n<p><strong>EPS:<\/strong><\/p>\n<p>Alta protecci\u00f3n interior con doble capa de poliestireno Expandido, que permite el aislamiento t\u00e9rmico y amortiguaci\u00f3n contra impactos.<\/p>\n<p><strong>Tallas:<\/strong><\/p>\n<p>L, XL, XXL<\/p>\n","protected":false},"excerpt":{"rendered":"<p>Este casco cerrado con doble visera de lentes obscuros y de protecci\u00f3n exterior garantiza la mayor protecci\u00f3n en todo tipo de situaciones al conducir. Las ventilas exteriores en la parte de arriba del casco y enfrente se pueden cerrar o abrir por completo para permitir el paso del aire de forma m\u00e1s natural, haci\u00e9ndolo un casco bien ventilado y pr\u00e1ctico para cualquier ocasi\u00f3n. El interior removible permite al piloto lavar el casco en su casa.<\/p>\n","protected":false},"featured_media":160,"comment_status":"open","ping_status":"closed","template":"","meta":[],"product_cat":[18,15],"product_tag":[],"_links":{"self":[{"href":"https:\/\/www.kromtekstore.com\/index.php?rest_route=\/wp\/v2\/product\/156"}],"collection":[{"href":"https:\/\/www.kromtekstore.com\/index.php?rest_route=\/wp\/v2\/product"}],"about":[{"href":"https:\/\/www.kromtekstore.com\/index.php?rest_route=\/wp\/v2\/types\/product"}],"replies":[{"embeddable":true,"href":"https:\/\/www.kromtekstore.com\/index.php?rest_route=%2Fwp%2Fv2%2Fcomments&post=156"}],"wp:featuredmedia":[{"embeddable":true,"href":"https:\/\/www.kromtekstore.com\/index.php?rest_route=\/wp\/v2\/media\/160"}],"wp:attachment":[{"href":"https:\/\/www.kromtekstore.com\/index.php?rest_route=%2Fwp%2Fv2%2Fmedia&parent=156"}],"wp:term":[{"taxonomy":"product_cat","embeddable":true,"href":"https:\/\/www.kromtekstore.com\/index.php?rest_route=%2Fwp%2Fv2%2Fproduct_cat&post=156"},{"taxonomy":"product_tag","embeddable":true,"href":"https:\/\/www.kromtekstore.com\/index.php?rest_route=%2Fwp%2Fv2%2Fproduct_tag&post=156"}],"curies":[{"name":"wp","href":"https:\/\/api.w.org\/{rel}","templated":true}]}}